{"id":10,"date":"2016-12-22T15:10:44","date_gmt":"2016-12-22T13:10:44","guid":{"rendered":"http:\/\/www.addjbh.ro\/?page_id=10"},"modified":"2025-03-21T11:57:47","modified_gmt":"2025-03-21T09:57:47","slug":"proiecte","status":"publish","type":"page","link":"https:\/\/www.addjbh.ro\/en\/projects\/","title":{"rendered":"Autogara S\u0103cueni"},"content":{"rendered":"\n<p>Obiectivul de investi\u021bii, Autogara S\u0103cueni din Ora\u0219ul S\u0103cueni, este \u00een curs de finalizare. Autogara va avea patru peroane \u015fi o cl\u0103dire cu o suprafa\u021b\u0103 de 100 de metri p\u0103tra\u021bi, care va cuprinde o sal\u0103 de a\u0219teptare, grupuri sanitare \u0219i un spa\u021biu comercial. P\u00e2n\u0103 \u00een prezent au mai fost construite alte dou\u0103 autog\u0103ri finan\u021bate de Consiliul Jude\u021bean Bihor, prin ADD Bihor, \u00een municipiile Marghita \u0219i Beiu\u0219.<\/p>\n\n\n\n<p>P\u00e2n\u0103 acum au fost construite dou\u0103 autog\u0103ri finan\u021bate de Consiliul Jude\u021bean Bihor, prin ADD Bihor, \u00een municipiile Marghita \u0219i Beiu\u0219. Acestea au fost predate \u00een administrarea prim\u0103riilor.<\/p>\n\n\n\n<p><\/p>\n\n\n\n<figure class=\"wp-block-image size-large\"><img loading=\"lazy\" width=\"1024\" height=\"460\" src=\"https:\/\/www.addjbh.ro\/wp-content\/uploads\/2025\/03\/484339586_993538839544505_8335395672295842996_n-1024x460.jpg\" alt=\"\" class=\"wp-image-1507\" srcset=\"https:\/\/www.addjbh.ro\/wp-content\/uploads\/2025\/03\/484339586_993538839544505_8335395672295842996_n-1024x460.jpg 1024w, https:\/\/www.addjbh.ro\/wp-content\/uploads\/2025\/03\/484339586_993538839544505_8335395672295842996_n-300x135.jpg 300w, https:\/\/www.addjbh.ro\/wp-content\/uploads\/2025\/03\/484339586_993538839544505_8335395672295842996_n-768x345.jpg 768w, https:\/\/www.addjbh.ro\/wp-content\/uploads\/2025\/03\/484339586_993538839544505_8335395672295842996_n-1536x690.jpg 1536w, https:\/\/www.addjbh.ro\/wp-content\/uploads\/2025\/03\/484339586_993538839544505_8335395672295842996_n.jpg 1600w\" sizes=\"(max-width: 1024px) 100vw, 1024px\" \/><\/figure>\n\n\n\n<figure class=\"wp-block-image size-large\"><img loading=\"lazy\" width=\"1024\" height=\"460\" src=\"https:\/\/www.addjbh.ro\/wp-content\/uploads\/2025\/03\/484336006_993538889544500_3572500057702669550_n-1024x460.jpg\" alt=\"\" class=\"wp-image-1508\" srcset=\"https:\/\/www.addjbh.ro\/wp-content\/uploads\/2025\/03\/484336006_993538889544500_3572500057702669550_n-1024x460.jpg 1024w, https:\/\/www.addjbh.ro\/wp-content\/uploads\/2025\/03\/484336006_993538889544500_3572500057702669550_n-300x135.jpg 300w, https:\/\/www.addjbh.ro\/wp-content\/uploads\/2025\/03\/484336006_993538889544500_3572500057702669550_n-768x345.jpg 768w, https:\/\/www.addjbh.ro\/wp-content\/uploads\/2025\/03\/484336006_993538889544500_3572500057702669550_n-1536x690.jpg 1536w, https:\/\/www.addjbh.ro\/wp-content\/uploads\/2025\/03\/484336006_993538889544500_3572500057702669550_n.jpg 1600w\" sizes=\"(max-width: 1024px) 100vw, 1024px\" \/><\/figure>\n\n\n\n<figure class=\"wp-block-image size-large\"><img loading=\"lazy\" width=\"1024\" height=\"460\" src=\"https:\/\/www.addjbh.ro\/wp-content\/uploads\/2025\/03\/484314661_993538832877839_7810617433329061602_n-1024x460.jpg\" alt=\"\" class=\"wp-image-1509\" srcset=\"https:\/\/www.addjbh.ro\/wp-content\/uploads\/2025\/03\/484314661_993538832877839_7810617433329061602_n-1024x460.jpg 1024w, https:\/\/www.addjbh.ro\/wp-content\/uploads\/2025\/03\/484314661_993538832877839_7810617433329061602_n-300x135.jpg 300w, https:\/\/www.addjbh.ro\/wp-content\/uploads\/2025\/03\/484314661_993538832877839_7810617433329061602_n-768x345.jpg 768w, https:\/\/www.addjbh.ro\/wp-content\/uploads\/2025\/03\/484314661_993538832877839_7810617433329061602_n-1536x690.jpg 1536w, https:\/\/www.addjbh.ro\/wp-content\/uploads\/2025\/03\/484314661_993538832877839_7810617433329061602_n.jpg 1600w\" sizes=\"(max-width: 1024px) 100vw, 1024px\" \/><\/figure>\n\n\n\n<figure class=\"wp-block-image size-large\"><img loading=\"lazy\" width=\"1024\" height=\"460\" src=\"https:\/\/www.addjbh.ro\/wp-content\/uploads\/2025\/03\/484339586_993538839544505_8335395672295842996_n-1-1024x460.jpg\" alt=\"\" class=\"wp-image-1510\" srcset=\"https:\/\/www.addjbh.ro\/wp-content\/uploads\/2025\/03\/484339586_993538839544505_8335395672295842996_n-1-1024x460.jpg 1024w, https:\/\/www.addjbh.ro\/wp-content\/uploads\/2025\/03\/484339586_993538839544505_8335395672295842996_n-1-300x135.jpg 300w, https:\/\/www.addjbh.ro\/wp-content\/uploads\/2025\/03\/484339586_993538839544505_8335395672295842996_n-1-768x345.jpg 768w, https:\/\/www.addjbh.ro\/wp-content\/uploads\/2025\/03\/484339586_993538839544505_8335395672295842996_n-1-1536x690.jpg 1536w, https:\/\/www.addjbh.ro\/wp-content\/uploads\/2025\/03\/484339586_993538839544505_8335395672295842996_n-1.jpg 1600w\" sizes=\"(max-width: 1024px) 100vw, 1024px\" \/><\/figure>\n","protected":false},"excerpt":{"rendered":"<p>Obiectivul de investi\u021bii, Autogara S\u0103cueni din Ora\u0219ul S\u0103cueni, este \u00een curs de finalizare. Autogara va avea patru peroane \u015fi o cl\u0103dire cu o suprafa\u021b\u0103 de 100 de metri p\u0103tra\u021bi, care&hellip; <\/p>\n","protected":false},"author":1,"featured_media":0,"parent":0,"menu_order":0,"comment_status":"closed","ping_status":"closed","template":"","meta":[],"_links":{"self":[{"href":"https:\/\/www.addjbh.ro\/en\/wp-json\/wp\/v2\/pages\/10"}],"collection":[{"href":"https:\/\/www.addjbh.ro\/en\/wp-json\/wp\/v2\/pages"}],"about":[{"href":"https:\/\/www.addjbh.ro\/en\/wp-json\/wp\/v2\/types\/page"}],"author":[{"embeddable":true,"href":"https:\/\/www.addjbh.ro\/en\/wp-json\/wp\/v2\/users\/1"}],"replies":[{"embeddable":true,"href":"https:\/\/www.addjbh.ro\/en\/wp-json\/wp\/v2\/comments?post=10"}],"version-history":[{"count":9,"href":"https:\/\/www.addjbh.ro\/en\/wp-json\/wp\/v2\/pages\/10\/revisions"}],"predecessor-version":[{"id":1512,"href":"https:\/\/www.addjbh.ro\/en\/wp-json\/wp\/v2\/pages\/10\/revisions\/1512"}],"wp:attachment":[{"href":"https:\/\/www.addjbh.ro\/en\/wp-json\/wp\/v2\/media?parent=10"}],"curies":[{"name":"wp","href":"https:\/\/api.w.org\/{rel}","templated":true}]}}