{"id":12,"date":"2016-12-22T15:10:57","date_gmt":"2016-12-22T13:10:57","guid":{"rendered":"http:\/\/www.addjbh.ro\/?page_id=12"},"modified":"2020-08-03T12:48:08","modified_gmt":"2020-08-03T10:48:08","slug":"despre-noi","status":"publish","type":"page","link":"https:\/\/www.addjbh.ro\/hu\/az-ugynoksegrol\/","title":{"rendered":"Az \u00fcgyn\u00f6ks\u00e9gr\u0151l"},"content":{"rendered":"<p><strong>Az \u00fcgyn\u00f6ks\u00e9g rendeltet\u00e9se:\u00a0\u00a0\u00a0\u00a0<\/strong><\/p>\n<ul>\n<li>a tart\u00f3s fejl\u0151d\u00e9s<\/li>\n<li>a fejleszt\u00e9si \u00fcgyn\u00f6ks\u00e9g tags\u00e1g\u00e1t k\u00e9pez\u0151 k\u00f6zigazgat\u00e1si egys\u00e9gek k\u00f6z\u00f6tti egy\u00fcttm\u0171k\u00f6d\u00e9si kapcsolatok megk\u00f6nnyit\u00e9se<\/li>\n<li>megadja a sz\u00fcks\u00e9ges t\u00e1mogat\u00e1st megyei- \u00e9s k\u00f6z \u00e9rdek\u0171 projektek kidolgoz\u00e1s\u00e1hoz \u00e9s v\u00e9grehajt\u00e1s\u00e1hoz<\/li>\n<li>k\u00fcl\u00f6nb\u00f6z\u0151 helyi, region\u00e1lis, nemzeti \u00e9s eur\u00f3pai finansziroz\u00e1su projekteket kezdem\u00e9nyez \u00e9s fejleszt ki<\/li>\n<\/ul>\n<p><strong>A Bihar Megyei Fejleszt\u00e9si \u00dcgyn\u00f6ks\u00e9g c\u00e9lkit\u0171z\u00e9sei a k\u00f6vetkez\u0151k:<\/strong><\/p>\n<ul>\n<li>Bihar megye \u00e9s a Fejleszt\u00e9si \u00dcgyn\u00f6ks\u00e9ghez tartoz\u00f3 k\u00f6zigazgat\u00e1si egys\u00e9gek gazdas\u00e1gi \u00e9s szoci\u00e1lis t\u00e1mogat\u00e1sa a tart\u00f3s fejl\u0151d\u00e9s elveit tisztetetben tartva<\/li>\n<li>finansziroz\u00e1si forr\u00e1sok beazonosit\u00e1sa a megye \u00e9s a k\u00f6zigazgat\u00e1si egys\u00e9gek potenci\u00e1lis fejl\u0151d\u00e9se \u00e9rdek\u00e9ben<\/li>\n<li>olyan k\u00f6zp\u00e9nzekb\u0151l \u00e9s mag\u00e1np\u00e9nzekb\u0151l val\u00f3 kieg\u00e9szit\u0151 finansziroz\u00e1sok bevonz\u00e1sa, mely \u00faj munkahelyek teremt\u00e9s\u00e9t segiti valamint megold\u00e1st kin\u00e1l komoly szoci\u00e1lis probl\u00e9m\u00e1kra \u00e9s a szeg\u00e9nys\u00e9g elleni k\u00fczdelemre<\/li>\n<li>stimul\u00e1lja a v\u00e1llalatok \u00fajit\u00e1sait \u00e9s versenyk\u00e9pess\u00e9g\u00e9t<\/li>\n<li>a tags\u00e1ghoz tartoz\u00f3 helyi k\u00f6zigazgat\u00e1si egys\u00e9gek infrastrukt\u00far\u00e1j\u00e1nak fejleszt\u00e9se hogy k\u00f6nnyebben legyenek megk\u00f6zelithet\u0151ek \u00e9s vonz\u00f3bb\u00e1 v\u00e1ljanak a befektet\u0151k sz\u00e1m\u00e1ra<\/li>\n<li>a term\u00e9szeti er\u0151forr\u00e1sok tart\u00f3s \u00e9s hat\u00e9kony felhaszn\u00e1l\u00e1s\u00e1ra b\u00e1torit stb.<\/li>\n<\/ul>\n<p><strong><span id=\"result_box\" class=\"short_text\" lang=\"hu\"><span class=\"\">Csapatunk<\/span><\/span>:<\/strong><\/p>\n<div class=\"tlp-team\"><div class=\"row layout2\"><div class='tlp-col-lg-6 tlp-col-md-6 tlp-col-sm-6 tlp-col-xs-12 tlp-equal-height'><div class=\"single-team-area\"><div class=\"tlp-col-lg-5 tlp-col-md-5 tlp-col-sm-5 tlp-col-xs-5 \"><img class=\"img-responsive\" src=\"https:\/\/www.addjbh.ro\/wp-content\/uploads\/2016\/12\/52633969_2184807344919695_548660622997323776_n-1-200x200.jpg\" alt=\"Vitalyos Barna\"\/><\/div><div class=\"tlp-col-lg-7 tlp-col-md-7 tlp-col-sm-7 tlp-col-xs-7 \"><h5 class=\"tlp-title\"><strong>Vitalyos Barna<\/strong><\/h5><div class=\"designation\"><h5>Director<\/h5><\/div><div class=\"tel\"><\/div><div class=\"email\"><i class=\"icon-envelope\"><\/i>&nbsp;&nbsp; contact@addjbh.ro<\/div><\/div><\/div><\/div><\/div><\/div>\n<p>&nbsp;<\/p>","protected":false},"excerpt":{"rendered":"","protected":false},"author":1,"featured_media":0,"parent":0,"menu_order":0,"comment_status":"closed","ping_status":"closed","template":"","meta":[],"_links":{"self":[{"href":"https:\/\/www.addjbh.ro\/hu\/wp-json\/wp\/v2\/pages\/12"}],"collection":[{"href":"https:\/\/www.addjbh.ro\/hu\/wp-json\/wp\/v2\/pages"}],"about":[{"href":"https:\/\/www.addjbh.ro\/hu\/wp-json\/wp\/v2\/types\/page"}],"author":[{"embeddable":true,"href":"https:\/\/www.addjbh.ro\/hu\/wp-json\/wp\/v2\/users\/1"}],"replies":[{"embeddable":true,"href":"https:\/\/www.addjbh.ro\/hu\/wp-json\/wp\/v2\/comments?post=12"}],"version-history":[{"count":6,"href":"https:\/\/www.addjbh.ro\/hu\/wp-json\/wp\/v2\/pages\/12\/revisions"}],"predecessor-version":[{"id":1089,"href":"https:\/\/www.addjbh.ro\/hu\/wp-json\/wp\/v2\/pages\/12\/revisions\/1089"}],"wp:attachment":[{"href":"https:\/\/www.addjbh.ro\/hu\/wp-json\/wp\/v2\/media?parent=12"}],"curies":[{"name":"wp","href":"https:\/\/api.w.org\/{rel}","templated":true}]}}