{"id":466,"date":"2017-01-16T13:12:33","date_gmt":"2017-01-16T11:12:33","guid":{"rendered":"http:\/\/www.addjbh.ro\/?page_id=466"},"modified":"2018-05-13T17:31:18","modified_gmt":"2018-05-13T15:31:18","slug":"cookies","status":"publish","type":"page","link":"https:\/\/www.addjbh.ro\/hu\/romana-cookies\/","title":{"rendered":"K\u00f6rbe cookie-kat"},"content":{"rendered":"<p class=\"qtranxs-available-languages-message qtranxs-available-languages-message-hu\">Sajnos ennek a bejegyz\u00e9snek csak <a href=\"https:\/\/www.addjbh.ro\/ro\/wp-json\/wp\/v2\/pages\/466\" class=\"qtranxs-available-language-link qtranxs-available-language-link-ro\" title=\"Rom\u00e2n\u0103\">Rom\u00e1n<\/a> nyelv\u0171 v\u00e1ltozata van.<\/p>","protected":false},"excerpt":{"rendered":"<p>Sajnos ennek a bejegyz\u00e9snek csak Rom\u00e1n nyelv\u0171 v\u00e1ltozata van.<\/p>\n","protected":false},"author":1,"featured_media":0,"parent":0,"menu_order":999,"comment_status":"closed","ping_status":"closed","template":"","meta":[],"_links":{"self":[{"href":"https:\/\/www.addjbh.ro\/hu\/wp-json\/wp\/v2\/pages\/466"}],"collection":[{"href":"https:\/\/www.addjbh.ro\/hu\/wp-json\/wp\/v2\/pages"}],"about":[{"href":"https:\/\/www.addjbh.ro\/hu\/wp-json\/wp\/v2\/types\/page"}],"author":[{"embeddable":true,"href":"https:\/\/www.addjbh.ro\/hu\/wp-json\/wp\/v2\/users\/1"}],"replies":[{"embeddable":true,"href":"https:\/\/www.addjbh.ro\/hu\/wp-json\/wp\/v2\/comments?post=466"}],"version-history":[{"count":1,"href":"https:\/\/www.addjbh.ro\/hu\/wp-json\/wp\/v2\/pages\/466\/revisions"}],"predecessor-version":[{"id":467,"href":"https:\/\/www.addjbh.ro\/hu\/wp-json\/wp\/v2\/pages\/466\/revisions\/467"}],"wp:attachment":[{"href":"https:\/\/www.addjbh.ro\/hu\/wp-json\/wp\/v2\/media?parent=466"}],"curies":[{"name":"wp","href":"https:\/\/api.w.org\/{rel}","templated":true}]}}