{"id":8,"date":"2016-12-22T15:10:27","date_gmt":"2016-12-22T13:10:27","guid":{"rendered":"http:\/\/www.addjbh.ro\/?page_id=8"},"modified":"2026-03-27T10:49:26","modified_gmt":"2026-03-27T08:49:26","slug":"noutati","status":"publish","type":"page","link":"https:\/\/www.addjbh.ro\/hu\/hirek\/","title":{"rendered":"\u00cenchiriere food-truck-uri. T\u00e2rgul de Pa\u0219ti Oradea 2026 (03.04.2026 &#8211; 13.04.2026)"},"content":{"rendered":"\n<p>Termen limit\u0103 \u00eenscriere: 27.03.2026<\/p>\n\n\n\n<p><strong>Asocia\u021bia de Dezvoltare Intercomunitar\u0103 Agen\u021bia de Dezvoltare Durabil\u0103 a Jude\u021bului Bihor cu sediul \u00een Oradea, str. Aurel Laz\u0103r, nr. 13, Jude\u021b Bihor, cu sprijinul Consiliului Jude\u021bean Bihor, organizeaz\u0103<\/strong><\/p>\n\n\n\n<div class=\"wp-block-group\"><div class=\"wp-block-group__inner-container\">\n<h3 data-wahfont=\"16\"><strong><a data-wahfont=\"16\">procedura de \u00eenchiriere a 4 ( patru) amplasamente de tip food truck\u00a0<\/a><\/strong><\/h3>\n<ul>\n<li>A \u2013 B &#8211; amplasament pentru produse precum mezeluri \u0219i br\u00e2nzeturi, conserve, mur\u0103turi, siropuri \u0219i sucuri naturale, produse de miere, lavand\u0103, t\u0103i\u021bei, etc. (poza anexat\u0103 prezentului regulament);<\/li>\n<li>\n<p>C \u2013 amplasament pentru produse &#8211; b\u0103uturi, b\u0103uturi alcoolice (sortimente de vinuri locale \u0219i\/sau bere artizanal\u0103), b\u0103uturi nonalcoolice .<\/p>\n<\/li>\n<li>\u00a0D &#8211; amplasament pentru preparare de Bihor, preparare produse de Bihor- pe baz\u0103 de aluat, pl\u0103cinte, pl\u0103cinte umplute, cozonaci, checuri, papana\u0219i, gogo\u0219i, scoverzi, etc \u0219i care dispune de urm\u0103toarele dot\u0103ri: cuptor cu trei func\u021bii \u2013 dospire, vatr\u0103, cuptor rotativ, plit\u0103 mare electric\u0103, vitrin\u0103 cald\u0103, mas\u0103 rece, 2 buc. Malaxor, cuptor microunde, chiuvet\u0103.<\/li>\n<\/ul>\n<p data-wahfont=\"16\">T\u00e2rgul de Pa\u0219ti Oradea 2026 se va desf\u0103\u0219ura \u00een perioada <strong>03.04.2026 \u2013 13.04.2026<\/strong>, \u00een municipiul Oradea.<br \/>Operatorii economici interesa\u021bi de \u00eenchirierea food-truck-urilor pentru evenimentul T\u00e2rgul de Pa\u0219ti Oradea 2026 se pot \u00eenscrie p\u00e2n\u0103 la data de <strong>27.03.2026<\/strong>.<br \/>Pentru informare privind \u00eentocmirea dosarului de \u00eenscriere \u0219i completarea formularului de aplicare, v\u0103 rug\u0103m s\u0103 consulta\u021bi Regulamentul de \u00eenscriere.<br \/>Depunerea documentelor:<br \/>personal, la sediul Asocia\u021biei de Dezvoltare Durabil\u0103 a Jude\u021bului Bihor, str. Aurel Laz\u0103r nr. 13, municipiul Oradea (Intrarea Muzeului Aurel Laz\u0103r) \u2013 p\u00e2n\u0103 la ora 16:00;<br \/>\u00een format electronic, la adresa de e-mail contact@addjbh.ro \u2013 p\u00e2n\u0103 la ora 00:00 a zilei de 27.03.2026.<br \/>Persoan\u0103 de contact: Dl. P\u0103cal\u0103 Daniel \u2013 0722 332 127<\/p>\n<p data-wahfont=\"16\">Mai multe detalii privind procedura, regulamentul \u0219i documentele necesare \u00eenscrierii:\u00a0 \u00a0 \u00a0<\/p>\n<p data-wahfont=\"16\">\u00a0<\/p>\n<p data-wahfont=\"16\">\u00a0<\/p>\n<p data-wahfont=\"16\">\u00a0<\/p>\n\n\n\n<div class=\"wp-block-file\"><div class='afi-document'><div class='afi-document-icon'><a href='https:\/\/www.addjbh.ro\/wp-content\/uploads\/2026\/03\/FORMULAR-INSCRIERE-1.pdf'><img src='https:\/\/www.addjbh.ro\/wp-content\/plugins\/attachment-file-icons\/mime\/pdf-icon.png'\/><\/a><\/div><div class='afi-document-link'><a href=\"https:\/\/www.addjbh.ro\/wp-content\/uploads\/2026\/03\/FORMULAR-INSCRIERE-1.pdf\">FORMULAR-INSCRIERE-1<\/a><\/div><\/div><div class='afi-clear'><\/div><div class='afi-document'><div class='afi-document-icon'><a href='https:\/\/www.addjbh.ro\/wp-content\/uploads\/2026\/03\/FORMULAR-INSCRIERE-1.pdf'><img src='https:\/\/www.addjbh.ro\/wp-content\/plugins\/attachment-file-icons\/mime\/pdf-icon.png'\/><\/a><\/div><div class='afi-document-link'><a href=\"https:\/\/www.addjbh.ro\/wp-content\/uploads\/2026\/03\/FORMULAR-INSCRIERE-1.pdf\" class=\"wp-block-file__button\" download>Descarc<\/a><\/div><\/div><div class='afi-clear'><\/div><\/div>\n\n\n\n<div class=\"wp-block-file\"><div class='afi-document'><div class='afi-document-icon'><a href='https:\/\/www.addjbh.ro\/wp-content\/uploads\/2026\/03\/regulament-Targul-de-Pasti-2026-2.pdf'><img src='https:\/\/www.addjbh.ro\/wp-content\/plugins\/attachment-file-icons\/mime\/pdf-icon.png'\/><\/a><\/div><div class='afi-document-link'><a href=\"https:\/\/www.addjbh.ro\/wp-content\/uploads\/2026\/03\/regulament-Targul-de-Pasti-2026-2.pdf\">regulament-Targul-de-Pasti-2026-2<\/a><\/div><\/div><div class='afi-clear'><\/div><div class='afi-document'><div class='afi-document-icon'><a href='https:\/\/www.addjbh.ro\/wp-content\/uploads\/2026\/03\/regulament-Targul-de-Pasti-2026-2.pdf'><img src='https:\/\/www.addjbh.ro\/wp-content\/plugins\/attachment-file-icons\/mime\/pdf-icon.png'\/><\/a><\/div><div class='afi-document-link'><a href=\"https:\/\/www.addjbh.ro\/wp-content\/uploads\/2026\/03\/regulament-Targul-de-Pasti-2026-2.pdf\" class=\"wp-block-file__button\" download>Descarc\u0103<\/a><\/div><\/div><div class='afi-clear'><\/div><\/div>\n\n\n<\/div><\/div>\n\n\n\n<figure class=\"wp-block-image size-large is-resized\"><img loading=\"lazy\" src=\"https:\/\/www.addjbh.ro\/wp-content\/uploads\/2022\/11\/2-300x200-1.jpeg\" alt=\"\" class=\"wp-image-1292\" width=\"314\" height=\"209\" srcset=\"https:\/\/www.addjbh.ro\/wp-content\/uploads\/2022\/11\/2-300x200-1.jpeg 300w, https:\/\/www.addjbh.ro\/wp-content\/uploads\/2022\/11\/2-300x200-1-272x182.jpeg 272w\" sizes=\"(max-width: 314px) 100vw, 314px\" \/><\/figure>\n\n\n\n<figure class=\"wp-block-image size-large\"><img loading=\"lazy\" width=\"300\" height=\"200\" src=\"https:\/\/www.addjbh.ro\/wp-content\/uploads\/2022\/11\/3-300x200-1.jpeg\" alt=\"\" class=\"wp-image-1293\" srcset=\"https:\/\/www.addjbh.ro\/wp-content\/uploads\/2022\/11\/3-300x200-1.jpeg 300w, https:\/\/www.addjbh.ro\/wp-content\/uploads\/2022\/11\/3-300x200-1-272x182.jpeg 272w\" sizes=\"(max-width: 300px) 100vw, 300px\" \/><\/figure>\n\n\n\n<figure class=\"wp-block-image size-large is-resized\"><img loading=\"lazy\" src=\"https:\/\/www.addjbh.ro\/wp-content\/uploads\/2022\/11\/4-300x200-1.jpeg\" alt=\"\" class=\"wp-image-1294\" width=\"274\" height=\"183\" srcset=\"https:\/\/www.addjbh.ro\/wp-content\/uploads\/2022\/11\/4-300x200-1.jpeg 300w, https:\/\/www.addjbh.ro\/wp-content\/uploads\/2022\/11\/4-300x200-1-272x182.jpeg 272w\" sizes=\"(max-width: 274px) 100vw, 274px\" \/><\/figure>\n\n\n\n<figure class=\"wp-block-image size-large\"><img loading=\"lazy\" width=\"300\" height=\"200\" src=\"https:\/\/www.addjbh.ro\/wp-content\/uploads\/2022\/11\/5-300x200-1.jpeg\" alt=\"\" class=\"wp-image-1295\" srcset=\"https:\/\/www.addjbh.ro\/wp-content\/uploads\/2022\/11\/5-300x200-1.jpeg 300w, https:\/\/www.addjbh.ro\/wp-content\/uploads\/2022\/11\/5-300x200-1-272x182.jpeg 272w\" sizes=\"(max-width: 300px) 100vw, 300px\" \/><\/figure>\n\n\n\n<figure class=\"wp-block-image size-large is-resized\"><img loading=\"lazy\" src=\"https:\/\/www.addjbh.ro\/wp-content\/uploads\/2022\/11\/6-300x200-1.jpeg\" alt=\"\" class=\"wp-image-1296\" width=\"311\" height=\"208\" srcset=\"https:\/\/www.addjbh.ro\/wp-content\/uploads\/2022\/11\/6-300x200-1.jpeg 300w, https:\/\/www.addjbh.ro\/wp-content\/uploads\/2022\/11\/6-300x200-1-272x182.jpeg 272w\" sizes=\"(max-width: 311px) 100vw, 311px\" \/><\/figure>\n\n\n","protected":false},"excerpt":{"rendered":"<p>Termen limit\u0103 \u00eenscriere: 27.03.2026 Asocia\u021bia de Dezvoltare Intercomunitar\u0103 Agen\u021bia de Dezvoltare Durabil\u0103 a Jude\u021bului Bihor cu sediul \u00een Oradea, str. Aurel Laz\u0103r, nr. 13, Jude\u021b Bihor, cu sprijinul Consiliului Jude\u021bean&hellip; <\/p>\n","protected":false},"author":1,"featured_media":0,"parent":0,"menu_order":0,"comment_status":"closed","ping_status":"closed","template":"","meta":[],"_links":{"self":[{"href":"https:\/\/www.addjbh.ro\/hu\/wp-json\/wp\/v2\/pages\/8"}],"collection":[{"href":"https:\/\/www.addjbh.ro\/hu\/wp-json\/wp\/v2\/pages"}],"about":[{"href":"https:\/\/www.addjbh.ro\/hu\/wp-json\/wp\/v2\/types\/page"}],"author":[{"embeddable":true,"href":"https:\/\/www.addjbh.ro\/hu\/wp-json\/wp\/v2\/users\/1"}],"replies":[{"embeddable":true,"href":"https:\/\/www.addjbh.ro\/hu\/wp-json\/wp\/v2\/comments?post=8"}],"version-history":[{"count":52,"href":"https:\/\/www.addjbh.ro\/hu\/wp-json\/wp\/v2\/pages\/8\/revisions"}],"predecessor-version":[{"id":1555,"href":"https:\/\/www.addjbh.ro\/hu\/wp-json\/wp\/v2\/pages\/8\/revisions\/1555"}],"wp:attachment":[{"href":"https:\/\/www.addjbh.ro\/hu\/wp-json\/wp\/v2\/media?parent=8"}],"curies":[{"name":"wp","href":"https:\/\/api.w.org\/{rel}","templated":true}]}}